{"id":431,"date":"2025-09-08T14:25:33","date_gmt":"2025-09-08T12:25:33","guid":{"rendered":"https:\/\/iventecgotowe.seomamut.pl\/?page_id=431"},"modified":"2026-01-19T19:27:44","modified_gmt":"2026-01-19T18:27:44","slug":"remonty-pomp-i-silnikow","status":"publish","type":"page","link":"https:\/\/iventecgotowe.seomamut.pl\/en\/remonty-pomp-i-silnikow\/","title":{"rendered":"Pump and motor repairs"},"content":{"rendered":"<p>[et_pb_section fb_built=&#8221;1&#8243; custom_padding_last_edited=&#8221;on|phone&#8221; admin_label=&#8221;section&#8221; module_id=&#8221;partnerzy&#8221; _builder_version=&#8221;4.27.4&#8243; background_color=&#8221;RGBA(255,255,255,0)&#8221; background_image=&#8221;https:\/\/iventecgotowe.seomamut.pl\/wp-content\/uploads\/2025\/12\/AdobeStock_334786040-scaled.jpeg&#8221; background_position=&#8221;top_right&#8221; background_horizontal_offset=&#8221;0%&#8221; background_vertical_offset=&#8221;73%&#8221; custom_padding_tablet=&#8221;||0px||false|false&#8221; custom_padding_phone=&#8221;||0px||false|false&#8221; global_colors_info=&#8221;{}&#8221;][et_pb_row column_structure=&#8221;3_4,1_4&#8243; use_custom_gutter=&#8221;on&#8221; make_equal=&#8221;on&#8221; custom_padding_last_edited=&#8221;on|phone&#8221; admin_label=&#8221;row&#8221; _builder_version=&#8221;4.27.4&#8243; background_size=&#8221;initial&#8221; background_position=&#8221;top_left&#8221; background_repeat=&#8221;repeat&#8221; max_width=&#8221;100%&#8221; custom_padding_tablet=&#8221;0px||0px||true|false&#8221; custom_padding_phone=&#8221;0px||0px||true|false&#8221; global_colors_info=&#8221;{}&#8221;][et_pb_column type=&#8221;3_4&#8243; _builder_version=&#8221;4.27.4&#8243; background_enable_color=&#8221;off&#8221; border_radii=&#8221;on|10px|10px|10px|10px&#8221; global_colors_info=&#8221;{}&#8221; custom_padding__hover=&#8221;|||&#8221;][et_pb_blurb title=&#8221;@ET-DC@eyJkeW5hbWljIjp0cnVlLCJjb250ZW50IjoicG9zdF90aXRsZSIsInNldHRpbmdzIjp7ImJlZm9yZSI6IiIsImFmdGVyIjoiIn19@&#8221; image=&#8221;https:\/\/iventecgotowe.seomamut.pl\/wp-content\/uploads\/2025\/09\/ikona-remonty.png&#8221; icon_placement=&#8221;left&#8221; image_icon_width=&#8221;90px&#8221; content_max_width=&#8221;100%&#8221; image_icon_width_tablet=&#8221;75px&#8221; image_icon_width_phone=&#8221;50px&#8221; image_icon_width_last_edited=&#8221;on|phone&#8221; _builder_version=&#8221;4.27.4&#8243; _dynamic_attributes=&#8221;title&#8221; _module_preset=&#8221;default&#8221; header_level=&#8221;h1&#8243; header_font=&#8221;|800|||||||&#8221; header_font_size=&#8221;3.5vw&#8221; header_line_height=&#8221;100px&#8221; background_color=&#8221;rgba(255,255,255,0.9)&#8221; custom_padding=&#8221;15px|25px|5px|25px|false|true&#8221; custom_padding_tablet=&#8221;15px|25px|5px|25px|false|true&#8221; custom_padding_phone=&#8221;15px|25px|5px|25px|false|true&#8221; custom_padding_last_edited=&#8221;on|phone&#8221; header_font_size_tablet=&#8221;36px&#8221; header_font_size_phone=&#8221;24px&#8221; header_font_size_last_edited=&#8221;on|phone&#8221; header_line_height_tablet=&#8221;48px&#8221; header_line_height_phone=&#8221;28px&#8221; header_line_height_last_edited=&#8221;on|desktop&#8221; border_radii=&#8221;on|10px|10px|10px|10px&#8221; global_colors_info=&#8221;{}&#8221;][\/et_pb_blurb][\/et_pb_column][et_pb_column type=&#8221;1_4&#8243; _builder_version=&#8221;4.27.4&#8243; background_enable_color=&#8221;off&#8221; border_radii=&#8221;on|10px|10px|10px|10px&#8221; global_colors_info=&#8221;{}&#8221; custom_padding__hover=&#8221;|||&#8221;][\/et_pb_column][\/et_pb_row][\/et_pb_section][et_pb_section fb_built=&#8221;1&#8243; module_id=&#8221;o-nas&#8221; _builder_version=&#8221;4.27.4&#8243; _module_preset=&#8221;default&#8221; custom_padding=&#8221;0px||5px|||&#8221; global_colors_info=&#8221;{}&#8221;][et_pb_row use_custom_gutter=&#8221;on&#8221; make_equal=&#8221;on&#8221; custom_padding_last_edited=&#8221;on|phone&#8221; _builder_version=&#8221;4.27.4&#8243; _module_preset=&#8221;default&#8221; max_width=&#8221;100%&#8221; custom_padding=&#8221;||3px|||&#8221; custom_padding_tablet=&#8221;||10px||false|false&#8221; custom_padding_phone=&#8221;||10px||false|false&#8221; global_colors_info=&#8221;{}&#8221;][et_pb_column type=&#8221;4_4&#8243; _builder_version=&#8221;4.27.4&#8243; _module_preset=&#8221;default&#8221; global_colors_info=&#8221;{}&#8221;][et_pb_text _builder_version=&#8221;4.27.4&#8243; _module_preset=&#8221;default&#8221; custom_margin=&#8221;||-3px|||&#8221; custom_padding=&#8221;0px||0px||false|false&#8221; hover_enabled=&#8221;0&#8243; global_colors_info=&#8221;{}&#8221; sticky_enabled=&#8221;0&#8243;]<\/p>\n<div class=\"otQkpb\" aria-level=\"3\" role=\"heading\" data-animation-nesting=\"\" data-sfc-cp=\"\" jscontroller=\"a7qCn\" jsuid=\"sd1dnc_e\" data-sae=\"\" data-complete=\"true\">\n<div class=\"otQkpb\" aria-level=\"3\" role=\"heading\" data-animation-nesting=\"\" data-sfc-cp=\"\" jscontroller=\"a7qCn\" jsuid=\"EfpBTb_e\" data-complete=\"true\" data-processed=\"true\" data-sae=\"\">\n<h2><strong>Profesjonalna regeneracja i\u00a0remonty komponent\u00f3w hydrauliki si\u0142owej<\/strong><\/h2>\n<p>W\u00a0IVENTEC rozumiemy, \u017ce\u00a0sprawno\u015b\u0107 pomp i\u00a0silnik\u00f3w hydraulicznych to\u00a0klucz do\u00a0wydajno\u015bci Twojego\u00a0parku maszynowego. Jako certyfikowane biuro in\u017cynierskie i\u00a0autoryzowany partner serwisowy, oferujemy kompleksowe wsparcie w\u00a0zakresie diagnostyki i\u00a0remont\u00f3w kapitalnych komponent\u00f3w hydraulicznych najbardziej wymagaj\u0105cych marek.<\/p>\n<p>&nbsp;<\/p>\n<\/div>\n<\/div>\n<p>[\/et_pb_text][\/et_pb_column][\/et_pb_row][et_pb_row column_structure=&#8221;3_5,2_5&#8243; use_custom_gutter=&#8221;on&#8221; make_equal=&#8221;on&#8221; custom_padding_last_edited=&#8221;on|phone&#8221; _builder_version=&#8221;4.27.4&#8243; _module_preset=&#8221;default&#8221; max_width=&#8221;100%&#8221; custom_padding=&#8221;||3px|||&#8221; custom_padding_tablet=&#8221;||10px||false|false&#8221; custom_padding_phone=&#8221;||10px||false|false&#8221; global_colors_info=&#8221;{}&#8221;][et_pb_column type=&#8221;3_5&#8243; _builder_version=&#8221;4.27.4&#8243; _module_preset=&#8221;default&#8221; global_colors_info=&#8221;{}&#8221;][et_pb_blurb title=&#8221;Autoryzowany serwis \u2013 nasze specjalizacje&#8221; image=&#8221;https:\/\/iventecgotowe.seomamut.pl\/wp-content\/uploads\/2026\/01\/Punktor-bez-tla.png&#8221; icon_placement=&#8221;left&#8221; content_max_width=&#8221;1100px&#8221; _builder_version=&#8221;4.27.4&#8243; _module_preset=&#8221;default&#8221; hover_enabled=&#8221;0&#8243; global_colors_info=&#8221;{}&#8221; sticky_enabled=&#8221;0&#8243;]<\/p>\n<p>Specjalizujemy si\u0119 w\u00a0naprawach podzespo\u0142\u00f3w \u015bwiatowych lider\u00f3w technologii nap\u0119dowej, zapewniaj\u0105c dost\u0119p do\u00a0oryginalnych cz\u0119\u015bci i\u00a0dokumentacji technicznej:<\/p>\n<ul>\n<li><strong>Poclain Hydraulics:<\/strong>\u00a0Jako oficjalny partner serwisowy, zapewniamy najwy\u017cszy standard regeneracji silnik\u00f3w radialno-t\u0142okowych oraz\u00a0pomp wysokoci\u015bnieniowych.<\/li>\n<li><strong>LHY Powertrain (Linde Hydraulics):<\/strong>\u00a0Realizujemy profesjonalne remonty pomp i\u00a0silnik\u00f3w z\u00a0tarcz\u0105 wychyln\u0105, przywracaj\u0105c im\u00a0fabryczn\u0105 precyzj\u0119 i\u00a0wydajno\u015b\u0107 sterowania.<\/li>\n<li><strong>Danfoss Power Solutions:<\/strong>\u00a0Serwisujemy zaawansowane jednostki t\u0142okowe serii 45, 90 oraz\u00a0H1, dbaj\u0105c o\u00a0ich pe\u0142n\u0105 kompatybilno\u015b\u0107 z\u00a0systemami sterowania elektronicznego.<\/li>\n<\/ul>\n<p>[\/et_pb_blurb][et_pb_blurb title=&#8221;Dlaczego warto powierzy\u0107 remont IVENTEC?&#8221; image=&#8221;https:\/\/iventecgotowe.seomamut.pl\/wp-content\/uploads\/2026\/01\/Punktor-bez-tla.png&#8221; icon_placement=&#8221;left&#8221; content_max_width=&#8221;1100px&#8221; _builder_version=&#8221;4.27.4&#8243; _module_preset=&#8221;default&#8221; hover_enabled=&#8221;0&#8243; global_colors_info=&#8221;{}&#8221; sticky_enabled=&#8221;0&#8243;]<\/p>\n<ol>\n<li><strong>Diagnostyka 360\u00b0:<\/strong>\u00a0Ka\u017cdy komponent poddawany jest szczeg\u00f3\u0142owej weryfikacji uszkodze\u0144 przy u\u017cyciu specjalistycznych narz\u0119dzi pomiarowych.<\/li>\n<li><strong>Oryginalne Cz\u0119\u015bci Zamienne:<\/strong>\u00a0Stosujemy wy\u0142\u0105cznie komponenty dedykowane przez\u00a0producent\u00f3w (OEM), co\u00a0gwarantuje d\u0142ug\u0105 \u017cywotno\u015b\u0107 po\u00a0naprawie i\u00a0zachowanie charakterystyk pracy.<\/li>\n<li><strong>Testy na\u00a0Stanowisku Pr\u00f3bnym:<\/strong>\u00a0Ka\u017cda pompa i\u00a0silnik po\u00a0regeneracji przechodzi rygorystyczne testy pod\u00a0obci\u0105\u017ceniem. Weryfikujemy szczelno\u015b\u0107, wydajno\u015b\u0107 oraz\u00a0poprawno\u015b\u0107 dzia\u0142ania regulator\u00f3w.<\/li>\n<li><strong>Wsparcie In\u017cynierskie:<\/strong> Dzi\u0119ki naszemu do\u015bwiadczeniu w\u00a0projektowaniu uk\u0142ad\u00f3w, nie\u00a0tylko\u00a0naprawiamy podzespo\u0142y, ale\u00a0potrafimy wskaza\u0107 przyczyny awarii i\u00a0zaproponowa\u0107 rozwi\u0105zania optymalizuj\u0105ce prac\u0119 ca\u0142ego systemu.<\/li>\n<\/ol>\n<p>[\/et_pb_blurb][\/et_pb_column][et_pb_column type=&#8221;2_5&#8243; _builder_version=&#8221;4.27.4&#8243; _module_preset=&#8221;default&#8221; global_colors_info=&#8221;{}&#8221;][et_pb_image src=&#8221;https:\/\/iventecgotowe.seomamut.pl\/wp-content\/uploads\/2026\/01\/AdobeStock_334786456-1996&#215;1220-1.png&#8221; title_text=&#8221;AdobeStock_334786456 1996&#215;1220&#8243; _builder_version=&#8221;4.27.4&#8243; _module_preset=&#8221;default&#8221; global_colors_info=&#8221;{}&#8221;][\/et_pb_image][et_pb_image src=&#8221;https:\/\/iventecgotowe.seomamut.pl\/wp-content\/uploads\/2025\/12\/AdobeStock_334786040-scaled.jpeg&#8221; title_text=&#8221;Professional mechanic man holding spanner tools for disassembly hydraulic piston pump, repair maintenance heavy machinery&#8221; _builder_version=&#8221;4.27.4&#8243; _module_preset=&#8221;default&#8221; global_colors_info=&#8221;{}&#8221;][\/et_pb_image][\/et_pb_column][\/et_pb_row][\/et_pb_section][et_pb_section fb_built=&#8221;1&#8243; module_id=&#8221;kontakt&#8221; _builder_version=&#8221;4.27.4&#8243; _module_preset=&#8221;default&#8221; use_background_color_gradient=&#8221;on&#8221; background_color_gradient_stops=&#8221;#ffffff 1%|#c9c9c9 100%&#8221; background_image=&#8221;https:\/\/iventecgotowe.seomamut.pl\/wp-content\/uploads\/2025\/08\/tlo-strona-glowna-stopka.jpg&#8221; background_blend=&#8221;overlay&#8221; min_height=&#8221;400px&#8221; min_height_tablet=&#8221;300px&#8221; min_height_phone=&#8221;200px&#8221; min_height_last_edited=&#8221;on|phone&#8221; custom_margin=&#8221;-16px||||false|false&#8221; custom_padding=&#8221;9px||||false|false&#8221; global_module=&#8221;612&#8243; saved_tabs=&#8221;all&#8221; global_colors_info=&#8221;{}&#8221;][et_pb_row column_structure=&#8221;1_2,1_2&#8243; use_custom_gutter=&#8221;on&#8221; make_equal=&#8221;on&#8221; custom_padding_last_edited=&#8221;on|tablet&#8221; _builder_version=&#8221;4.27.4&#8243; _module_preset=&#8221;default&#8221; max_width=&#8221;100%&#8221; custom_padding=&#8221;50px|||||&#8221; custom_padding_tablet=&#8221;10px||||false|false&#8221; custom_padding_phone=&#8221;10px||||false|false&#8221; locked=&#8221;off&#8221; global_colors_info=&#8221;{}&#8221;][et_pb_column type=&#8221;1_2&#8243; _builder_version=&#8221;4.27.4&#8243; _module_preset=&#8221;default&#8221; global_colors_info=&#8221;{}&#8221;][et_pb_text _builder_version=&#8221;4.27.4&#8243; _module_preset=&#8221;default&#8221; custom_padding=&#8221;||0px|||&#8221; global_colors_info=&#8221;{}&#8221;]<\/p>\n<h1>KONTAKT<\/h1>\n<p>[\/et_pb_text][et_pb_contact_form captcha=&#8221;off&#8221; custom_message=&#8221;Imi\u0119 i nazwisko: %%nazwa%%||et_pb_line_break_holder||E-mail: %%email%%||et_pb_line_break_holder||Wiadomo\u015b\u0107: %%tresc%%&#8221; success_message=&#8221;Dzi\u0119kujemy za wiadomo\u015b\u0107!&#8221; submit_button_text=&#8221;Wyslij&#8221; _builder_version=&#8221;4.27.4&#8243; _module_preset=&#8221;default&#8221; _unique_id=&#8221;ae7095a1-7d0a-4ca7-8762-66dfc940e31d&#8221; form_field_background_color=&#8221;rgba(31,33,46,0.9)&#8221; form_field_text_color=&#8221;#FFFFFF&#8221; captcha_font=&#8221;|||on|||||&#8221; captcha_text_color=&#8221;#E02B20&#8243; captcha_font_size=&#8221;18px&#8221; form_field_font=&#8221;|600|||||||&#8221; custom_button=&#8221;on&#8221; button_text_color=&#8221;#FFFFFF&#8221; button_bg_color=&#8221;#0066b1&#8243; button_border_width=&#8221;0px&#8221; button_border_radius=&#8221;10px&#8221; button_use_icon=&#8221;off&#8221; button_text_size_tablet=&#8221;18px&#8221; button_text_size_phone=&#8221;16px&#8221; button_text_size_last_edited=&#8221;on|phone&#8221; border_radii=&#8221;on|10px|10px|10px|10px&#8221; global_colors_info=&#8221;{}&#8221;][et_pb_contact_field field_id=&#8221;nazwa&#8221; field_title=&#8221;Imi\u0119 i nazwisko&#8221; _builder_version=&#8221;4.27.4&#8243; global_colors_info=&#8221;{}&#8221; button_text_size__hover_enabled=&#8221;off&#8221; button_one_text_size__hover_enabled=&#8221;off&#8221; button_two_text_size__hover_enabled=&#8221;off&#8221; button_text_color__hover_enabled=&#8221;off&#8221; button_one_text_color__hover_enabled=&#8221;off&#8221; button_two_text_color__hover_enabled=&#8221;off&#8221; button_border_width__hover_enabled=&#8221;off&#8221; button_one_border_width__hover_enabled=&#8221;off&#8221; button_two_border_width__hover_enabled=&#8221;off&#8221; button_border_color__hover_enabled=&#8221;off&#8221; button_one_border_color__hover_enabled=&#8221;off&#8221; button_two_border_color__hover_enabled=&#8221;off&#8221; button_border_radius__hover_enabled=&#8221;off&#8221; button_one_border_radius__hover_enabled=&#8221;off&#8221; button_two_border_radius__hover_enabled=&#8221;off&#8221; button_letter_spacing__hover_enabled=&#8221;off&#8221; button_one_letter_spacing__hover_enabled=&#8221;off&#8221; button_two_letter_spacing__hover_enabled=&#8221;off&#8221; button_bg_color__hover_enabled=&#8221;off&#8221; button_one_bg_color__hover_enabled=&#8221;off&#8221; button_two_bg_color__hover_enabled=&#8221;off&#8221;][\/et_pb_contact_field][et_pb_contact_field field_id=&#8221;email&#8221; field_title=&#8221;Adres email&#8221; field_type=&#8221;email&#8221; _builder_version=&#8221;4.27.4&#8243; global_colors_info=&#8221;{}&#8221; button_text_size__hover_enabled=&#8221;off&#8221; button_one_text_size__hover_enabled=&#8221;off&#8221; button_two_text_size__hover_enabled=&#8221;off&#8221; button_text_color__hover_enabled=&#8221;off&#8221; button_one_text_color__hover_enabled=&#8221;off&#8221; button_two_text_color__hover_enabled=&#8221;off&#8221; button_border_width__hover_enabled=&#8221;off&#8221; button_one_border_width__hover_enabled=&#8221;off&#8221; button_two_border_width__hover_enabled=&#8221;off&#8221; button_border_color__hover_enabled=&#8221;off&#8221; button_one_border_color__hover_enabled=&#8221;off&#8221; button_two_border_color__hover_enabled=&#8221;off&#8221; button_border_radius__hover_enabled=&#8221;off&#8221; button_one_border_radius__hover_enabled=&#8221;off&#8221; button_two_border_radius__hover_enabled=&#8221;off&#8221; button_letter_spacing__hover_enabled=&#8221;off&#8221; button_one_letter_spacing__hover_enabled=&#8221;off&#8221; button_two_letter_spacing__hover_enabled=&#8221;off&#8221; button_bg_color__hover_enabled=&#8221;off&#8221; button_one_bg_color__hover_enabled=&#8221;off&#8221; button_two_bg_color__hover_enabled=&#8221;off&#8221;][\/et_pb_contact_field][et_pb_contact_field field_id=&#8221;tresc&#8221; field_title=&#8221;Wiadomo\u015b\u0107&#8221; field_type=&#8221;text&#8221; fullwidth_field=&#8221;on&#8221; _builder_version=&#8221;4.27.4&#8243; global_colors_info=&#8221;{}&#8221; button_text_size__hover_enabled=&#8221;off&#8221; button_one_text_size__hover_enabled=&#8221;off&#8221; button_two_text_size__hover_enabled=&#8221;off&#8221; button_text_color__hover_enabled=&#8221;off&#8221; button_one_text_color__hover_enabled=&#8221;off&#8221; button_two_text_color__hover_enabled=&#8221;off&#8221; button_border_width__hover_enabled=&#8221;off&#8221; button_one_border_width__hover_enabled=&#8221;off&#8221; button_two_border_width__hover_enabled=&#8221;off&#8221; button_border_color__hover_enabled=&#8221;off&#8221; button_one_border_color__hover_enabled=&#8221;off&#8221; button_two_border_color__hover_enabled=&#8221;off&#8221; button_border_radius__hover_enabled=&#8221;off&#8221; button_one_border_radius__hover_enabled=&#8221;off&#8221; button_two_border_radius__hover_enabled=&#8221;off&#8221; button_letter_spacing__hover_enabled=&#8221;off&#8221; button_one_letter_spacing__hover_enabled=&#8221;off&#8221; button_two_letter_spacing__hover_enabled=&#8221;off&#8221; button_bg_color__hover_enabled=&#8221;off&#8221; button_one_bg_color__hover_enabled=&#8221;off&#8221; button_two_bg_color__hover_enabled=&#8221;off&#8221;][\/et_pb_contact_field][\/et_pb_contact_form][\/et_pb_column][et_pb_column type=&#8221;1_2&#8243; _builder_version=&#8221;4.27.4&#8243; _module_preset=&#8221;default&#8221; background_color=&#8221;rgba(255,255,255,0.9)&#8221; background_image=&#8221;https:\/\/iventecgotowe.seomamut.pl\/wp-content\/uploads\/2025\/08\/wzorek-stopka.png&#8221; background_size=&#8221;initial&#8221; background_position=&#8221;center_right&#8221; background_horizontal_offset=&#8221;5%&#8221; custom_padding=&#8221;25px|25px|25px|25px|true|true&#8221; background_last_edited=&#8221;on|phone&#8221; background_size_phone=&#8221;custom&#8221; background_image_width_phone=&#8221;20%&#8221; background_position_phone=&#8221;top_right&#8221; background_horizontal_offset_phone=&#8221;25px&#8221; background_vertical_offset_phone=&#8221;25px&#8221; border_radii=&#8221;on|10px|10px|10px|10px&#8221; border_color_all=&#8221;#1f212e&#8221; global_colors_info=&#8221;{}&#8221;][et_pb_text _builder_version=&#8221;4.27.4&#8243; _module_preset=&#8221;default&#8221; text_font=&#8221;|700|||||||&#8221; text_font_size=&#8221;20px&#8221; text_line_height=&#8221;26px&#8221; max_width=&#8221;50%&#8221; max_width_tablet=&#8221;75%&#8221; max_width_phone=&#8221;85%&#8221; max_width_last_edited=&#8221;on|phone&#8221; module_alignment=&#8221;left&#8221; text_font_size_tablet=&#8221;18px&#8221; text_font_size_phone=&#8221;18px&#8221; text_font_size_last_edited=&#8221;on|phone&#8221; text_line_height_tablet=&#8221;24px&#8221; text_line_height_phone=&#8221;24px&#8221; text_line_height_last_edited=&#8221;on|desktop&#8221; module_alignment_tablet=&#8221;left&#8221; module_alignment_phone=&#8221;left&#8221; module_alignment_last_edited=&#8221;on|phone&#8221; global_colors_info=&#8221;{}&#8221;]<\/p>\n<p>ul.\u00a0Kupiecka 13<\/p>\n<p>83-400 Ko\u015bcierzyna<\/p>\n<p><a href=\"tel:+48538206900\">+48 538 206 900<\/a><\/p>\n<p><a href=\"mailto:info@iventec.com\">info@iventec.com<\/a><\/p>\n<p>[\/et_pb_text][et_pb_social_media_follow use_icon_font_size=&#8221;on&#8221; icon_font_size=&#8221;20px&#8221; _builder_version=&#8221;4.27.4&#8243; _module_preset=&#8221;default&#8221; text_orientation=&#8221;left&#8221; width=&#8221;75.3%&#8221; custom_margin=&#8221;|0px||0px|false|true&#8221; custom_margin_tablet=&#8221;|50px||50px|false|true&#8221; custom_margin_phone=&#8221;|0px||0px|false|true&#8221; custom_margin_last_edited=&#8221;on|phone&#8221; custom_padding=&#8221;|||0px||&#8221; text_orientation_tablet=&#8221;center&#8221; text_orientation_phone=&#8221;center&#8221; text_orientation_last_edited=&#8221;on|phone&#8221; global_colors_info=&#8221;{}&#8221;][et_pb_social_media_follow_network social_network=&#8221;facebook&#8221; icon_color=&#8221;#FFFFFF&#8221; _builder_version=&#8221;4.27.4&#8243; _module_preset=&#8221;default&#8221; background_color=&#8221;#1f212e&#8221; background_enable_color=&#8221;on&#8221; global_colors_info=&#8221;{}&#8221; follow_button=&#8221;off&#8221; url_new_window=&#8221;on&#8221;]facebook[\/et_pb_social_media_follow_network][et_pb_social_media_follow_network social_network=&#8221;linkedin&#8221; icon_color=&#8221;#FFFFFF&#8221; _builder_version=&#8221;4.27.4&#8243; _module_preset=&#8221;default&#8221; background_color=&#8221;#1f212e&#8221; background_enable_color=&#8221;on&#8221; global_colors_info=&#8221;{}&#8221; follow_button=&#8221;off&#8221; url_new_window=&#8221;on&#8221;]linkedin[\/et_pb_social_media_follow_network][\/et_pb_social_media_follow][\/et_pb_column][\/et_pb_row][\/et_pb_section][et_pb_section fb_built=&#8221;1&#8243; _builder_version=&#8221;4.27.4&#8243; _module_preset=&#8221;default&#8221; background_color=&#8221;#1f212e&#8221; custom_margin=&#8221;0px||0px||false|false&#8221; custom_padding=&#8221;0px||0px||false|false&#8221; global_module=&#8221;462&#8243; saved_tabs=&#8221;all&#8221; global_colors_info=&#8221;{}&#8221;][et_pb_row column_structure=&#8221;1_6,1_6,1_6,1_2&#8243; use_custom_gutter=&#8221;on&#8221; make_equal=&#8221;on&#8221; custom_padding_last_edited=&#8221;on|tablet&#8221; _builder_version=&#8221;4.27.4&#8243; _module_preset=&#8221;default&#8221; width=&#8221;100%&#8221; max_width=&#8221;100%&#8221; custom_margin=&#8221;||||false|false&#8221; custom_margin_phone=&#8221;|0px||0px|false|true&#8221; custom_margin_last_edited=&#8221;off|tablet&#8221; custom_padding=&#8221;|25px||25px|false|true&#8221; custom_padding_tablet=&#8221;|25px||25px|false|true&#8221; custom_padding_phone=&#8221;50px||||false|true&#8221; global_colors_info=&#8221;{}&#8221;][et_pb_column type=&#8221;1_6&#8243; _builder_version=&#8221;4.27.4&#8243; _module_preset=&#8221;default&#8221; global_colors_info=&#8221;{}&#8221;][et_pb_image src=&#8221;https:\/\/iventecgotowe.seomamut.pl\/wp-content\/uploads\/2025\/08\/logo-iventec-biale.png&#8221; title_text=&#8221;logo-iventec-biale&#8221; align_tablet=&#8221;&#8221; align_phone=&#8221;center&#8221; align_last_edited=&#8221;on|phone&#8221; _builder_version=&#8221;4.27.4&#8243; _module_preset=&#8221;default&#8221; global_colors_info=&#8221;{}&#8221;][\/et_pb_image][\/et_pb_column][et_pb_column type=&#8221;1_6&#8243; _builder_version=&#8221;4.27.4&#8243; _module_preset=&#8221;default&#8221; global_colors_info=&#8221;{}&#8221;][\/et_pb_column][et_pb_column type=&#8221;1_6&#8243; _builder_version=&#8221;4.27.4&#8243; _module_preset=&#8221;default&#8221; global_colors_info=&#8221;{}&#8221;][\/et_pb_column][et_pb_column type=&#8221;1_2&#8243; _builder_version=&#8221;4.27.4&#8243; _module_preset=&#8221;default&#8221; global_colors_info=&#8221;{}&#8221;][\/et_pb_column][\/et_pb_row][\/et_pb_section]<\/p>\n","protected":false},"excerpt":{"rendered":"<p>Profesjonalna regeneracja i\u00a0remonty komponent\u00f3w hydrauliki si\u0142owej W\u00a0IVENTEC rozumiemy, \u017ce\u00a0sprawno\u015b\u0107 pomp i\u00a0silnik\u00f3w hydraulicznych to\u00a0klucz do\u00a0wydajno\u015bci Twojego\u00a0parku maszynowego. Jako certyfikowane biuro in\u017cynierskie i\u00a0autoryzowany partner serwisowy, oferujemy kompleksowe wsparcie w\u00a0zakresie diagnostyki i\u00a0remont\u00f3w kapitalnych komponent\u00f3w hydraulicznych najbardziej wymagaj\u0105cych marek. &nbsp; Specjalizujemy si\u0119 w\u00a0naprawach podzespo\u0142\u00f3w \u015bwiatowych lider\u00f3w technologii nap\u0119dowej, zapewniaj\u0105c dost\u0119p do\u00a0oryginalnych cz\u0119\u015bci i\u00a0dokumentacji technicznej: Poclain Hydraulics:\u00a0Jako oficjalny partner serwisowy, [&hellip;]<\/p>\n","protected":false},"author":1,"featured_media":0,"parent":0,"menu_order":0,"comment_status":"closed","ping_status":"closed","template":"","meta":{"_et_pb_use_builder":"on","_et_pb_old_content":"","_et_gb_content_width":"","footnotes":""},"class_list":["post-431","page","type-page","status-publish","hentry"],"_links":{"self":[{"href":"https:\/\/iventecgotowe.seomamut.pl\/en\/wp-json\/wp\/v2\/pages\/431","targetHints":{"allow":["GET"]}}],"collection":[{"href":"https:\/\/iventecgotowe.seomamut.pl\/en\/wp-json\/wp\/v2\/pages"}],"about":[{"href":"https:\/\/iventecgotowe.seomamut.pl\/en\/wp-json\/wp\/v2\/types\/page"}],"author":[{"embeddable":true,"href":"https:\/\/iventecgotowe.seomamut.pl\/en\/wp-json\/wp\/v2\/users\/1"}],"replies":[{"embeddable":true,"href":"https:\/\/iventecgotowe.seomamut.pl\/en\/wp-json\/wp\/v2\/comments?post=431"}],"version-history":[{"count":23,"href":"https:\/\/iventecgotowe.seomamut.pl\/en\/wp-json\/wp\/v2\/pages\/431\/revisions"}],"predecessor-version":[{"id":1622,"href":"https:\/\/iventecgotowe.seomamut.pl\/en\/wp-json\/wp\/v2\/pages\/431\/revisions\/1622"}],"wp:attachment":[{"href":"https:\/\/iventecgotowe.seomamut.pl\/en\/wp-json\/wp\/v2\/media?parent=431"}],"curies":[{"name":"wp","href":"https:\/\/api.w.org\/{rel}","templated":true}]}}